{"id":35,"date":"2011-12-12T20:29:28","date_gmt":"2011-12-12T20:29:28","guid":{"rendered":"http:\/\/www.ukclub.it\/WP\/?page_id=35"},"modified":"2018-05-09T09:41:52","modified_gmt":"2018-05-09T07:41:52","slug":"video","status":"publish","type":"page","link":"https:\/\/www.ukclub.it\/index.php\/video\/","title":{"rendered":"Video"},"content":{"rendered":"<div id=\"fb-root\"><\/div>\n<p><script>(function(d, s, id) {  var js, fjs = d.getElementsByTagName(s)[0];  if (d.getElementById(id)) return;  js = d.createElement(s); js.id = id;  js.src = 'https:\/\/connect.facebook.net\/it_IT\/sdk.js#xfbml=1&version=v3.0';  fjs.parentNode.insertBefore(js, fjs);}(document, 'script', 'facebook-jssdk'));<\/script><\/p>\n<div class=\"fb-video\" data-href=\"https:\/\/www.facebook.com\/ukclubmartinengo\/videos\/1258382024193372\/\" data-width=\"780\">\n<blockquote cite=\"https:\/\/www.facebook.com\/ukclubmartinengo\/videos\/1258382024193372\/\" class=\"fb-xfbml-parse-ignore\"><p><a href=\"https:\/\/www.facebook.com\/ukclubmartinengo\/videos\/1258382024193372\/\">Vado a Trovare Davide &#8211; Teaser Ufficiale<\/a><\/p>\n<p>Ecco a tutto il mondo di Facebook il Teaser Ufficiale di &quot;Vado a Trovare Davide&quot;.Chi ieri era presente a U.K. DAVE ha visto l&#039;anteprima universale!!!Grazie a quei matti dei Lunatics Production che si sono buttati con noi in quest&#039;avventura, grazie ad UnAltroMondo Onlus per la disponibilit\u00e0, in particolare grazie a Hildegard Mayer e Erasmo Borgogni per il supporto morale, logistico e psicofisico. Grazie allo staff U.K DAVE per l&#039;impegno e la magnifica festa realizzata! Grazie a tutti voi che ci avete seguito con affetto, calore e stima.Questo \u00e8 un piccolo assaggio. Noi pensiamo in grande, perch\u00e9 per realizzare un sogno, ci vuole un grande sforzo, nostro, vostro e di tutti. Non sappiamo cosa verr\u00e0 fuori da tutto il materiale raccolto, ma vorremmo che fosse un progetto partecipato e vissuto da molti. Non puntiamo all&#039;Oscar, l&#039;obiettivo \u00e8 portare una testimonianza di Bamako, del Mali e dei maliani il pi\u00f9 fedele possibile. Davide \u00e8 il nostro fil rouge.Buena vista!#vadoatrovaredavide<\/p>\n<p>Pubblicato da <a href=\"https:\/\/www.facebook.com\/ukclubmartinengo\/\">UkClub Martinengo<\/a> su luned\u00ec 29 agosto 2016<\/p><\/blockquote>\n<\/div>\n<div id=\"fb-root\"><\/div>\n<p><script>(function(d, s, id) {  var js, fjs = d.getElementsByTagName(s)[0];  if (d.getElementById(id)) return;  js = d.createElement(s); js.id = id;  js.src = 'https:\/\/connect.facebook.net\/it_IT\/sdk.js#xfbml=1&version=v3.0';  fjs.parentNode.insertBefore(js, fjs);}(document, 'script', 'facebook-jssdk'));<\/script><\/p>\n<div class=\"fb-video\" data-href=\"https:\/\/www.facebook.com\/ukclubmartinengo\/videos\/1762752017089701\/\" data-width=\"780\">\n<blockquote cite=\"https:\/\/www.facebook.com\/ukclubmartinengo\/videos\/1762752017089701\/\" class=\"fb-xfbml-parse-ignore\"><p><a href=\"https:\/\/www.facebook.com\/ukclubmartinengo\/videos\/1762752017089701\/\">GRAZIE.<\/a><\/p>\n<p>Ecco a voi il secondo Teaser Ufficiale targato Lunatics Production.UnAltroMondo Onlus \u00e8 possibile. CONDIVIDERE.<\/p>\n<p>Pubblicato da <a href=\"https:\/\/www.facebook.com\/ukclubmartinengo\/\">UkClub Martinengo<\/a> su domenica 17 dicembre 2017<\/p><\/blockquote>\n<\/div>\n<h3>Intro serata &#8220;Arts for Africa&#8221; &#8211; !U.K Club<\/h3>\n<p><iframe loading=\"lazy\" src=\"https:\/\/www.youtube.com\/embed\/KUEX8OhyLXk\" width=\"560\" height=\"315\" frameborder=\"0\" allowfullscreen=\"allowfullscreen\"><\/iframe><\/p>\n<h3>Intervista tripla a !U.K Club<\/h3>\n<p><iframe loading=\"lazy\" src=\"https:\/\/www.youtube.com\/embed\/eEKxpuVrGQk\" width=\"560\" height=\"315\" frameborder=\"0\" allowfullscreen=\"allowfullscreen\"><\/iframe><\/p>\n<h3>LIVE AND GIVE &#8211; Corto No Profit per &#8220;Arts for Africa&#8221;<\/h3>\n<p><iframe loading=\"lazy\" src=\"https:\/\/www.youtube.com\/embed\/11wYc0-4UPQ\" width=\"560\" height=\"315\" frameborder=\"0\" allowfullscreen=\"allowfullscreen\"><\/iframe><\/p>\n<h3>WATERLOW &#8211; Corto No Profit per &#8220;Arts for Africa&#8221;<\/h3>\n<p><iframe loading=\"lazy\" src=\"https:\/\/www.youtube.com\/embed\/FzN3DxfiVT4\" width=\"560\" height=\"315\" frameborder=\"0\" allowfullscreen=\"allowfullscreen\"><\/iframe><\/p>\n<h3>Cafelul\u00e9 per &#8220;Arts for Africa&#8221;<\/h3>\n<p><iframe loading=\"lazy\" src=\"https:\/\/www.youtube.com\/embed\/wwK3861ByuE\" width=\"560\" height=\"315\" frameborder=\"0\" allowfullscreen=\"allowfullscreen\"><\/iframe><\/p>\n<h3>!U.K Club ad &#8220;INCONTRI&#8221; Bergamo TV<\/h3>\n<p><iframe loading=\"lazy\" src=\"https:\/\/www.youtube.com\/embed\/la5agxFXyFw\" width=\"560\" height=\"315\" frameborder=\"0\" allowfullscreen=\"allowfullscreen\"><\/iframe><\/p>\n<h3>!U.K Club intervista al TG di VideoBergamo<\/h3>\n<p><iframe loading=\"lazy\" src=\"https:\/\/www.youtube.com\/embed\/t0-JdzoKIiE\" width=\"560\" height=\"315\" frameborder=\"0\" allowfullscreen=\"allowfullscreen\"><\/iframe><\/p>\n<h3>!U.K Club Video di presentazione<\/h3>\n<p><iframe loading=\"lazy\" src=\"https:\/\/www.youtube.com\/embed\/uoMvG5tkSwg\" width=\"560\" height=\"315\" frameborder=\"0\" allowfullscreen=\"allowfullscreen\"><\/iframe><\/p>\n<h3>!U.K Club ospite a &#8220;PAESE CHE VAI&#8221; Bergamo TV<\/h3>\n<p><iframe loading=\"lazy\" src=\"https:\/\/www.youtube.com\/embed\/31F_dHRaTbQ\" width=\"560\" height=\"315\" frameborder=\"0\" allowfullscreen=\"allowfullscreen\"><\/iframe><\/p>\n<h3>Videoblog 1.0 !U.K Club@Rockin&#8217; Ghisalba<\/h3>\n<p><iframe loading=\"lazy\" src=\"https:\/\/www.youtube.com\/embed\/dtugjTNCYCE\" width=\"560\" height=\"315\" frameborder=\"0\" allowfullscreen=\"allowfullscreen\"><\/iframe><\/p>\n<h3>Videoblog 1.0 !U.K Club@Festa Oratorio di Ghisalba 2a Puntata<\/h3>\n<p><iframe loading=\"lazy\" src=\"https:\/\/www.youtube.com\/embed\/K5BaqvtwvNU\" width=\"560\" height=\"315\" frameborder=\"0\" allowfullscreen=\"allowfullscreen\"><\/iframe><\/p>\n<h3>Videoblog 1.0 !U.K Club@Festa dei Popoli di Cassano 3a Puntata Pt.1<\/h3>\n<p><iframe loading=\"lazy\" src=\"https:\/\/www.youtube.com\/embed\/S1U1DsZgfv0\" width=\"560\" height=\"315\" frameborder=\"0\" allowfullscreen=\"allowfullscreen\"><\/iframe><\/p>\n<h3>Videoblog 1.0 !U.K Club@Festa dei Popoli di Cassano 3a Puntata Pt.2<\/h3>\n<p><iframe loading=\"lazy\" src=\"https:\/\/www.youtube.com\/embed\/5aqfYks4nKk\" width=\"560\" height=\"315\" frameborder=\"0\" allowfullscreen=\"allowfullscreen\"><\/iframe><\/p>\n<h3 id=\"watch-headline-title\">Videoblog 1.0 !U.k Club @ Flaro Beer Fest\/Adofest<\/h3>\n<p><iframe loading=\"lazy\" src=\"https:\/\/www.youtube.com\/embed\/_gMu7zgiWnY\" width=\"560\" height=\"315\" frameborder=\"0\" allowfullscreen=\"allowfullscreen\"><\/iframe><\/p>\n<h3 id=\"watch-headline-title\">Videoblog 1.0 !U.k Club @ Festa Campino Aiutiamoli a Vivere &#8211; 5a Puntata<\/h3>\n<p><iframe loading=\"lazy\" src=\"https:\/\/www.youtube.com\/embed\/hJi5Epjwjtg\" width=\"560\" height=\"315\" frameborder=\"0\" allowfullscreen=\"allowfullscreen\"><\/iframe><\/p>\n<h3>Simple Chrommedy di Daniele Rossi<br \/>\n(Il nostro Francesco ospite di questo cortometraggio realizzato da alcuni giovani di Martinengo)<\/h3>\n<p><iframe loading=\"lazy\" src=\"https:\/\/www.youtube.com\/embed\/cyugy4fjXWY\" width=\"560\" height=\"315\" frameborder=\"0\" allowfullscreen=\"allowfullscreen\"><\/iframe><\/p>\n<h3 id=\"watch-headline-title\">!U.K Club &#8211; Dall&#8217;Edon\u00e8 al Polaresco<\/h3>\n<p><iframe loading=\"lazy\" src=\"https:\/\/www.youtube.com\/embed\/Dn_99YWN1qo\" width=\"560\" height=\"315\" frameborder=\"0\" allowfullscreen=\"allowfullscreen\"><\/iframe><\/p>\n<h3 id=\"watch-headline-title\">!U.K Club ToDay@Intro alla serata al Polaresco, Bergamo<\/h3>\n<p><iframe loading=\"lazy\" src=\"https:\/\/www.youtube.com\/embed\/xfHyxO7EBeg\" width=\"560\" height=\"315\" frameborder=\"0\" allowfullscreen=\"allowfullscreen\"><\/iframe><\/p>\n<h3 id=\"watch-headline-title\">Arts for Africa &#8211; 27 Marzo 2014 &#8211; Promo<\/h3>\n<p><iframe loading=\"lazy\" src=\"https:\/\/www.youtube.com\/embed\/lH8eWPn0-Tc\" width=\"560\" height=\"315\" frameborder=\"0\" allowfullscreen=\"allowfullscreen\"><\/iframe><\/p>\n","protected":false},"excerpt":{"rendered":"<p>Intro serata &#8220;Arts for Africa&#8221; &#8211; !U.K Club Intervista tripla a !U.K Club LIVE AND GIVE &#8211; Corto No Profit per &#8220;Arts for Africa&#8221; WATERLOW &#8211; Corto No Profit per &#8220;Arts for Africa&#8221; Cafelul\u00e9 per &#8220;Arts for Africa&#8221; !U.K Club ad &#8220;INCONTRI&#8221; Bergamo TV !U.K Club intervista al TG di VideoBergamo !U.K Club Video di presentazione !U.K Club ospite a &hellip; <\/p>\n","protected":false},"author":8,"featured_media":0,"parent":0,"menu_order":8,"comment_status":"closed","ping_status":"closed","template":"","meta":{"footnotes":""},"class_list":["post-35","page","type-page","status-publish","hentry"],"_links":{"self":[{"href":"https:\/\/www.ukclub.it\/index.php\/wp-json\/wp\/v2\/pages\/35","targetHints":{"allow":["GET"]}}],"collection":[{"href":"https:\/\/www.ukclub.it\/index.php\/wp-json\/wp\/v2\/pages"}],"about":[{"href":"https:\/\/www.ukclub.it\/index.php\/wp-json\/wp\/v2\/types\/page"}],"author":[{"embeddable":true,"href":"https:\/\/www.ukclub.it\/index.php\/wp-json\/wp\/v2\/users\/8"}],"replies":[{"embeddable":true,"href":"https:\/\/www.ukclub.it\/index.php\/wp-json\/wp\/v2\/comments?post=35"}],"version-history":[{"count":42,"href":"https:\/\/www.ukclub.it\/index.php\/wp-json\/wp\/v2\/pages\/35\/revisions"}],"predecessor-version":[{"id":2817,"href":"https:\/\/www.ukclub.it\/index.php\/wp-json\/wp\/v2\/pages\/35\/revisions\/2817"}],"wp:attachment":[{"href":"https:\/\/www.ukclub.it\/index.php\/wp-json\/wp\/v2\/media?parent=35"}],"curies":[{"name":"wp","href":"https:\/\/api.w.org\/{rel}","templated":true}]}}