{"id":3035,"date":"2022-09-30T10:02:48","date_gmt":"2022-09-30T08:02:48","guid":{"rendered":"http:\/\/www.ukclub.it\/?page_id=3035"},"modified":"2024-08-26T23:43:41","modified_gmt":"2024-08-26T21:43:41","slug":"about-us","status":"publish","type":"page","link":"https:\/\/www.ukclub.it\/index.php\/about-us\/","title":{"rendered":"About us"},"content":{"rendered":"\n<h2 class=\"wp-block-heading\">CHI SIAMO?<\/h2>\n\n\n\n<p>UkClub nasce nel 2010 come gruppo informale di persone, di amici uniti nell&#8217;intento di portare una riflessione sullo spreco di risorse naturali ed economiche e contro l&#8217;ostentazione della ricchezza e il consumismo sfrenato dei Paesi Occidentali. Dal 2011 siamo parte integrante di UnAltroMondo Onlus che dal 2001 porta avanti progetti di cooperazione internazionali in Mali e Senegal (in precedenza attiva pure in Togo e India). Le azioni portate avanti dall&#8217;associazione si basano sul principio della reciprocit\u00e0 e del coinvolgimento partecipativo delle comunit\u00e0 locali. Nel corso di questi anni ci siamo attivati riguardo percorsi educativi nelle scuole umaniste di UnAltroMondo, attraverso il sostegno a distanza, percorsi formativi e di accoglienza nelle strutture del Promodef ONG, agricoltura, sport, attivit\u00e0 culturali (Biblioteca Umanista) nei quartieri di Banconi e Kalaban Cour\u00e0 (Bamako, Mali).<\/p>\n\n\n\n<h2 class=\"wp-block-heading\">L&#8217;ASSOCIAZIONE<\/h2>\n\n\n\n<p>Dal 2022 si costituisce come associazione culturale con l&#8217;obiettivo di sensibilizzare e generare coscienza civica, sociale e culturale riguardo le disuguaglianze sociali, di genere e climatiche che sempre pi\u00f9 colpiscono le zone periferiche del Mondo, tanto nel Sud quanto nel Nord Globale.<\/p>\n\n\n\n<h2 class=\"wp-block-heading\">DA DOVE NASCE L&#8217;IDEA?<\/h2>\n\n\n\n<p>Da un viaggio nasce la consapevolezza che non possiamo sperare che le cose cambino da sole e che la scelta di un mondo diverso non passi anche attraverso le nostre mani. Intendiamo accrescere il livello di consapevolezza nei cittadini, piccoli, giovani e adulti, circa le disparit\u00e0 di accesso al welfare, ai servizi di base e, contestualmente, contribuire alla costruzione di una cittadinanza ecologica e globale in grado di riconoscere e contrastare ingiustizie e discriminazioni che ci toccano sempre pi\u00f9 da vicino, obbligando milioni di persone nel Mondo a vivere in condizioni di subalternit\u00e0 e precarizzando sempre pi\u00f9 le condizioni di vita in determinate aree del Pianeta.<\/p>\n\n\n\n<h2 class=\"wp-block-heading\">COSA VOGLIAMO FARE?<\/h2>\n\n\n\n<p>Gli obiettivi specifici dell\u2019associazione non possono che riguardare il lavoro di coscientizzazione civile, sociale e culturale rispetto ai grandi temi che oggi occupano il dibattito pubblico come le disparit\u00e0 di genere, il contrasto ad ogni forma di discriminazione, la lotta per la conservazione della biosfera e il contrasto ai cambiamenti climatici, oltre alla promozione di stili di vita e di forme di economia in grado di promuovere visioni diverse di futuro nel pieno rispetto della sostenibilit\u00e0 economica, sociale ed ambientale.<\/p>\n\n\n\n<h2 class=\"wp-block-heading\">&#8220;SI BEH OK, MA COME?&#8221;<\/h2>\n\n\n\n<p>Per raggiungere i nostri obiettivi, l\u2019associazione intende mettere in atto alcune azioni specifiche come:<\/p>\n\n\n\n<ul class=\"wp-block-list\">\n<li>attivit\u00e0 laboratoriali\/seminariali nelle scuole;<\/li>\n\n\n\n<li>incontri pubblici di approfondimento culturale sulle grandi sfide della contemporaneit\u00e0, come le migrazioni, i cambiamenti climatici, il depauperamento della biosfera, l\u2019inclusione sociale, le diversit\u00e0 e le crisi multidimensionali in atto;<\/li>\n\n\n\n<li>organizzare raccolte fondi strutturate per disseminare le attivit\u00e0 dell\u2019associazione sul territorio italiano e per promuovere una cultura ecologica e globale che riparta dal \u201cfare da s\u00e9\u201d, dal \u201csaper fare\u201d e<br \/>dal \u201csaper fare insieme\u201d;<\/li>\n\n\n\n<li>implementare attivit\u00e0 sportivo-ricreative al fine di unire all\u2019azione aggregativa, momenti di coscientizzazione collettiva orientate al contrasto dei fenomeni discriminatori come il razzismo, il sessismo,<br \/>l\u2019omobitransfobia e la marginalizzazione sociale;<\/li>\n\n\n\n<li>sostenere a livello economico, sociale e culturale di organizzazioni di volontariato, come finora abbiamo fatto con UnAltroMondo OdVche attualmente operano negli ambiti cui l\u2019Associazione UkClub intende costruire azioni di prevenzione e contrasto, sostenendone progettazioni e diffondendone le finalit\u00e0.<\/li>\n<\/ul>\n\n\n\n<h2 class=\"wp-block-heading\">E TU CHE PUOI FARE?<\/h2>\n\n\n\n<p>Puoi sostenerci attraverso erogazioni liberali con bonifico sul nostro C\/C:<\/p>\n\n\n\n<p>IBAN: <strong>IT69M0306909606100000192023<\/strong><\/p>\n\n\n\n<p>Intestatario: <strong>ASSOCIAZIONE UKCLUB<\/strong><br \/>Causale: <strong>Erogazione liberale<\/strong><\/p>\n\n\n\n<p>Qualora la donazione superasse l&#8217;importo di <strong>\u20ac. 75,00 <\/strong>contattaci via mail <strong><a rel=\"noreferrer noopener\" href=\"mailto:ukclubmartinengo@gmail.com\" target=\"_blank\">ukclubmartinengo@gmail.com<\/a> <\/strong>per la ricevuta.<\/p>\n\n\n\n<p>Puoi comunque aderire all&#8217;associazione sottoscrivendo la quota annuale di adesione dell&#8217;importo di <strong>\u20ac. 10,00<\/strong> che ti consentir\u00e0 di partecipare alle nostre attivit\u00e0 in prima persona.<\/p>\n\n\n\n<p>Puoi comunque condividere i nostri post, taggarci ogni volta che porti con te un gadget distribuito in questi anni o anche solo per diffondere i valori della nostra associazione.<\/p>\n\n\n\n<h2 class=\"wp-block-heading\">&#8220;OK, MA VOGLIO SAPERNE DI PIU&#8217;?&#8221;<\/h2>\n\n\n\n<p>Compila il <a rel=\"noreferrer noopener\" href=\"http:\/\/www.ukclub.it\/wp-content\/uploads\/2024\/08\/UKCLUB_ModuloTESSERAMENTO_2024.pdf\" data-type=\"URL\" data-id=\"http:\/\/www.ukclub.it\/wp-content\/uploads\/2024\/08\/UKCLUB_ModuloTESSERAMENTO_2024.pdf\" target=\"_blank\"><strong>modulo<\/strong><\/a> per il tesseramento annuale per unirti a noi e rispediscilo all&#8217;indirizzo <a rel=\"noreferrer noopener\" href=\"mailto:ukclubmartinengo@gmail.com\" target=\"_blank\"><strong>ukclubmartinengo@gmail.com<\/strong><\/a> assieme alla copia del versamento. Sarai poi aggiunto alla nostra newsletter dove riceverai tutte le news dell&#8217;associazione e le convocazioni delle assemblee. <\/p>\n\n\n\n<p>Nel frattempo seguici sui nostri canali social (Instagram, Facebook, X) e se hai tempo, <a rel=\"noreferrer noopener\" href=\"http:\/\/www.ukclub.it\/wp-content\/uploads\/2024\/08\/STATUTO_Associazione_UkClub_RobertoPlebani.pdf\" data-type=\"URL\" data-id=\"http:\/\/www.ukclub.it\/wp-content\/uploads\/2024\/08\/STATUTO_Associazione_UkClub_RobertoPlebani.pdf\" target=\"_blank\">scarica<\/a> il nostro statuto e dagli un&#8217;occhiata.<\/p>\n\n\n\n<blockquote class=\"wp-block-quote is-layout-flow wp-block-quote-is-layout-flow\">\n<p>Ti aspettiamo! <\/p>\n<\/blockquote>\n","protected":false},"excerpt":{"rendered":"<p>CHI SIAMO? UkClub nasce nel 2010 come gruppo informale di persone, di amici uniti nell&#8217;intento di portare una riflessione sullo spreco di risorse naturali ed economiche e contro l&#8217;ostentazione della ricchezza e il consumismo sfrenato dei Paesi Occidentali. Dal 2011 siamo parte integrante di UnAltroMondo Onlus che dal 2001 porta avanti progetti di cooperazione internazionali in Mali e Senegal (in &hellip; <\/p>\n","protected":false},"author":3,"featured_media":3052,"parent":0,"menu_order":0,"comment_status":"closed","ping_status":"closed","template":"","meta":{"footnotes":""},"class_list":["post-3035","page","type-page","status-publish","has-post-thumbnail","hentry"],"_links":{"self":[{"href":"https:\/\/www.ukclub.it\/index.php\/wp-json\/wp\/v2\/pages\/3035","targetHints":{"allow":["GET"]}}],"collection":[{"href":"https:\/\/www.ukclub.it\/index.php\/wp-json\/wp\/v2\/pages"}],"about":[{"href":"https:\/\/www.ukclub.it\/index.php\/wp-json\/wp\/v2\/types\/page"}],"author":[{"embeddable":true,"href":"https:\/\/www.ukclub.it\/index.php\/wp-json\/wp\/v2\/users\/3"}],"replies":[{"embeddable":true,"href":"https:\/\/www.ukclub.it\/index.php\/wp-json\/wp\/v2\/comments?post=3035"}],"version-history":[{"count":5,"href":"https:\/\/www.ukclub.it\/index.php\/wp-json\/wp\/v2\/pages\/3035\/revisions"}],"predecessor-version":[{"id":3115,"href":"https:\/\/www.ukclub.it\/index.php\/wp-json\/wp\/v2\/pages\/3035\/revisions\/3115"}],"wp:featuredmedia":[{"embeddable":true,"href":"https:\/\/www.ukclub.it\/index.php\/wp-json\/wp\/v2\/media\/3052"}],"wp:attachment":[{"href":"https:\/\/www.ukclub.it\/index.php\/wp-json\/wp\/v2\/media?parent=3035"}],"curies":[{"name":"wp","href":"https:\/\/api.w.org\/{rel}","templated":true}]}}