{"id":17,"date":"2011-12-12T20:19:54","date_gmt":"2011-12-12T20:19:54","guid":{"rendered":"http:\/\/www.ukclub.it\/WP\/?page_id=17"},"modified":"2022-09-30T09:48:17","modified_gmt":"2022-09-30T07:48:17","slug":"mission","status":"publish","type":"page","link":"https:\/\/www.ukclub.it\/index.php\/mission\/","title":{"rendered":"Mission"},"content":{"rendered":"<p>!Non \u00e8 mai facile descrivere l&#8217;identit\u00e0 di un gruppo o, ancora peggio, di un Club&#8230; Abbiamo fondato <a href=\"https:\/\/www.facebook.com\/ukclubmartinengo\" target=\"_blank\" rel=\"noopener\">UkClub Martinengo<\/a> non per protesta o demagogia. Ci\u00f2 che ci smosse, fu il semplice desiderio di condividere un pensiero guardasse al futuro con una chiara idea di nuova umanit\u00e0, di nuovo umanesimo, rispetto del vivente e che cercasse di divulgare messaggi di costruzione positiva di nuovi immaginari.<\/p>\n<p>All&#8217;inizio di questo viaggio, ci eravamo completamente posti in pieno disaccordo con lo spreco pi\u00f9 totale e sconsiderato delle risorse, con l&#8217;ostentazione inutile di un determinato status sociale fondato sul proprio potere economico e, ancor pi\u00f9, con l&#8217;adeguamento di alcune persone alle &#8220;sue&#8221; regole, nonostante non dispongano del sognato &#8220;<em>Money Power<\/em>&#8220;.<\/p>\n<p>Credevamo e crediamo tuttora che non tutto possa essere comprato; che le cose pi\u00f9 belle che la nostra vita offre siano a buon mercato, anzi completamente gratuite. Ma la nostra visione, negli anni, si ampliata, articolata maggiormente e posta in aperta dialettica con la contemporaneit\u00e0.<\/p>\n<p>Dal 2011 abbiamo iniziato a collaborare a stretto contatto con <a href=\"http:\/\/www.unaltromondo.it\/\" target=\"_blank\" rel=\"noopener\">UnAltroMondo OdV<\/a>. Ne siamo entrate\/i a far parte. Abbiamo intrapreso diversi viaggi verso Bamako, dove con loro abbiamo dato vita ad alcuni <a href=\"http:\/\/www.ukclub.it\/index.php\/progetti\/\" target=\"_blank\" rel=\"noopener\">progetti<\/a> molto interessanti e che rispecchiano ci\u00f2 che volevamo dimostrare all&#8217;inizio di questa folle avventura: ridare senso alle nostre azioni ed investire di energia potenziale creativa e pro-attiva le risorse a nostra disposizione.<\/p>\n<p>Se, da un lato questa avventura ebbe la sua Epifania lungo le spiagge e i porticcioli della Costa Azzurra, sbronzati ed assuefatti dall&#8217;estetica del denaro, oggi siamo molte e molti di pi\u00f9. In questi anni abbiamo radunato attorno all&#8217;idea del club artiste\/i, scrittrici\/ori, performer, muciste\/i, chiunque volesse fare qualcosa per una causa ben pi\u00f9 importante del portare critiche sterile senza l&#8217;attivazione individuale e l&#8217;azione collettiva.<\/p>\n<p>Da quella spiaggia di Saint &#8211; Tropez, come talvolta accade discorrendo di nulla tra amici, \u00e8 nacque un&#8217;idea: comunicare attraverso una T-shirt il nostro disagio nei confronti di ci\u00f2 che la maggior parte delle persone ritiene adeguato e confortevole.<img loading=\"lazy\" decoding=\"async\" class=\"wp-image-134 aligncenter\" style=\"margin: 10px;\" title=\"cartina\" src=\"http:\/\/www.ukclub.it\/wp-content\/uploads\/2011\/12\/cartina1-300x207.jpg\" alt=\"\" width=\"300\" height=\"207\" srcset=\"https:\/\/www.ukclub.it\/wp-content\/uploads\/2011\/12\/cartina1-300x207.jpg 300w, https:\/\/www.ukclub.it\/wp-content\/uploads\/2011\/12\/cartina1.jpg 583w\" sizes=\"auto, (max-width: 300px) 100vw, 300px\" \/><\/p>\n<p>E come accennato poc&#8217;anzi, fu solo l&#8217;inizio di questo percorso ormai decennale che oggi ci ritrova a spingerci ancora un passettino oltre e che stiamo ponderando in ogni dettaglio.<\/p>\n<p>Siamo un club. Siamo un gruppo informale di persone che da sempre si riconosce nei valori del pensiero umanista e ecologista. Ci siamo sempre impegnate con i proventi delle nostre attivit\u00e0 di fundraising a sostenere progetti di cooperazione internazionale, specie nei settori dell&#8217;educazione, della formazione degli adulti e dell&#8217;assistenza sanitaria di base (campagne Stop Malaria e accoglienza ragazzi di strada in strutture ad hoc nella capitale maliana. Nelle nostre attivit\u00e0 culturali sul territorio italiano abbiamo sempre cercato di valorizzare chi cerca di fare arte, musica e spettacolo &#8220;dal basso&#8221; e in maniera indipendente. Pi\u00f9 recentemente, visto anche il declino culturale che attraversa e imperversa la contemporaneit\u00e0, abbiamo anche deciso di dedicarci maggiormente ad eventi di approfondimento giornalistico e socio-culturale sui temi della lotta al razzismo e al post-colonialismo.<\/p>\n<p>Non siamo un gruppo politico, n\u00e9 religioso, n\u00e9 ideologico, ma \u00e9 altres\u00ec vero che la nostra identit\u00e0 si radica fortemente nelle azioni di cui sopra. L&#8217;associazione UkClub \u00e8 apartitica, non ha scopo di lucro e svolge attivit\u00e0 di promozione e utilit\u00e0 sociale, il cui scopo principale \u00e8 sensibilizzare e generare coscienza civica, sociale e culturale riguardo le disuguaglianze.<\/p>\n<p>Esprimiamo le nostre idee, prendiamo posizione auspicando un presa di coscienza collettiva sui temi che riteniamo essere emergenziali, ma soprattutto, siamo persone libere. Libere di farne parte. Libere di proseguire verso nuovi orizzonti.<\/p>\n<p>Questo \u00e8 ci\u00f2 che oggi rappresenta l&#8217;Associazione UkClub.<\/p>\n<p>Settembre, 2022.<\/p>\n<div id=\"FacebookBox300\"><\/div>\n","protected":false},"excerpt":{"rendered":"<p>!Non \u00e8 mai facile descrivere l&#8217;identit\u00e0 di un gruppo o, ancora peggio, di un Club&#8230; Abbiamo fondato UkClub Martinengo non per protesta o demagogia. Ci\u00f2 che ci smosse, fu il semplice desiderio di condividere un pensiero guardasse al futuro con una chiara idea di nuova umanit\u00e0, di nuovo umanesimo, rispetto del vivente e che cercasse di divulgare messaggi di costruzione &hellip; <\/p>\n","protected":false},"author":8,"featured_media":0,"parent":0,"menu_order":3,"comment_status":"closed","ping_status":"closed","template":"","meta":{"footnotes":""},"class_list":["post-17","page","type-page","status-publish","hentry"],"_links":{"self":[{"href":"https:\/\/www.ukclub.it\/index.php\/wp-json\/wp\/v2\/pages\/17","targetHints":{"allow":["GET"]}}],"collection":[{"href":"https:\/\/www.ukclub.it\/index.php\/wp-json\/wp\/v2\/pages"}],"about":[{"href":"https:\/\/www.ukclub.it\/index.php\/wp-json\/wp\/v2\/types\/page"}],"author":[{"embeddable":true,"href":"https:\/\/www.ukclub.it\/index.php\/wp-json\/wp\/v2\/users\/8"}],"replies":[{"embeddable":true,"href":"https:\/\/www.ukclub.it\/index.php\/wp-json\/wp\/v2\/comments?post=17"}],"version-history":[{"count":11,"href":"https:\/\/www.ukclub.it\/index.php\/wp-json\/wp\/v2\/pages\/17\/revisions"}],"predecessor-version":[{"id":3037,"href":"https:\/\/www.ukclub.it\/index.php\/wp-json\/wp\/v2\/pages\/17\/revisions\/3037"}],"wp:attachment":[{"href":"https:\/\/www.ukclub.it\/index.php\/wp-json\/wp\/v2\/media?parent=17"}],"curies":[{"name":"wp","href":"https:\/\/api.w.org\/{rel}","templated":true}]}}