{"id":2366,"date":"2016-07-28T21:22:02","date_gmt":"2016-07-28T19:22:02","guid":{"rendered":"http:\/\/www.ukclub.it\/?page_id=2366"},"modified":"2020-02-04T21:54:53","modified_gmt":"2020-02-04T20:54:53","slug":"vadoatrovaredavide","status":"publish","type":"page","link":"http:\/\/www.ukclub.it\/index.php\/vadoatrovaredavide\/","title":{"rendered":"#vadoatrovareDavide"},"content":{"rendered":"<p align=\"justify\"><b>#vadoatrovareDavide<\/b>\u2026.mancano solo pochi giorni alla partenza dei nostri amici per il Mali. L\u2019adrenalina sta crescendo al solo pensiero di immergersi totalmente nelle dinamiche di quel luogo dove il nostro amico Davide ha lasciato il cuore.<\/p>\n<p align=\"justify\">Durante questo viaggio, l\u2019!Uk Club, avr\u00e0 la possibilit\u00e0 di visionare il nuovo progetto che si \u00e8 assunto in collaborazione con Unaltromondo OdV: la costruzione del nuovo centro Oasis.<\/p>\n<p align=\"justify\">Questo nuova avventura affianca e non annulla l&#8217;impegno gi\u00e0 assunto con &#8220;Un Club di Classe&#8221; (sostegno a distanza per i &#8220;Nostri&#8221; 6 ragazzi); semplicemente amplifica l&#8217;impegno del Club e di tutti i suoi sostenitori.<\/p>\n<p align=\"justify\">Il fenomeno dell\u2019urbanizzazione e la crisi dell\u2019agricoltura tradizionale portano nella capitale del Mali centinaia di famiglie adolescenti analfabeti alla disperata ricerca di un lavoro: le ragazze cercano una sistemazione come domestiche, mentre i ragazzi come trasportatori nei mercati, come manovali, etc.<\/p>\n<p align=\"justify\">Tutto ci\u00f2 comporta un aumento dei ragazzi di strada, alcuni di loro non hanno nemmeno una dimora fissa, passano la giornata a mendicare nelle strade principali, mangiano quando riescono e dormono all\u2019aperto, vittime spesso di violenze e soprusi. Per offrire un aiuto a questi ragazzi, nel 2010, \u00e8 stato aperto il centro Oasis, un centro che offre ascolto, orientamento, assistenza e formazione professionale a ragazzi di strada ed adolescenti che hanno abbandonato la scuola; l\u2019obiettivo \u00e8 quello di permetterne il reinserimento socio-economico. Il continuo sostegno di associazioni e volontari ha permesso in questi anni l\u2019ampliamento dei laboratori, fornendoli di nuove attrezzature e partedipando al recupero dei bambini di strada anche durante la notte.<\/p>\n<p align=\"justify\">L\u2019evolversi in negativo della situazione politico-economica del paese, radicalizza l\u2019importanza del centro Oasis nella realt\u00e0 della capitale. Infatti il centro di ascolto sta diventando sempre pi\u00f9 un punto di riferimento nel quartiere di Kalaban Coura, con programmi di reinserimento famigliare e socio-economico.<\/p>\n<p align=\"justify\">A fronte di queste nuove esigenze gli attuali spazi del centro Oasis non sono pi\u00f9 sufficienti per mantenere tutti i laboratori di formazione artigianale ed educativa e da qui l\u2019esigenza di costruire nuovi spazi. Questo il nostro nuovo progetto: il sostegno alla costruzione del nuovo centro Oasis.<\/p>\n<p align=\"justify\">I lavori sono gi\u00e0 partiti con l\u2019acquisizione di un nuovo terreno con una piccola struttura e la costruzione del nuovo centro in cinque fasi:<\/p>\n<ul>\n<li>\n<p align=\"justify\">la costruzione dalle fondamenta di un secondo edificio e il collegamento al primo per renderlo una unica struttura;<\/p>\n<\/li>\n<li>\n<p align=\"justify\">imbiancatura e rifinitura delle strutture;<\/p>\n<\/li>\n<li>\n<p align=\"justify\">nuova impiantistica elettrica;<\/p>\n<\/li>\n<li>\n<p align=\"justify\">nuova recinzione e nuovi serramenti;<\/p>\n<\/li>\n<li>\n<p align=\"justify\">piastrellamento e trasloco dalla vecchia struttura.<\/p>\n<\/li>\n<\/ul>\n<p align=\"justify\">I lavori sono ben avviati e si cercher\u00e0 di rendere operativo il tutto entro settembre prima dell\u2019inizio delle attivit\u00e0 scolastiche ma soprattutto per permettere di avere il tutto operativo prima dell\u2019inizio della stagione delle piogge, che provocava nella vecchia struttura allagamenti soprattutto nella cucina e nei laboratori posti a livello strada.<\/p>\n<p align=\"justify\">Anche con questo spirito e con questa nuova sfida affrontiamo il viaggio in Mali, certi che non saremo soli ad andare in Africa e non saremo soli a completare questo lavoro.<\/p>\n<p align=\"justify\">Come sempre vi terremo aggiornati sui lavori, anche con report fotografici, e su tutte le nostre attivit\u00e0.<\/p>\n<p align=\"justify\">A presto.<\/p>\n","protected":false},"excerpt":{"rendered":"<p>#vadoatrovareDavide\u2026.mancano solo pochi giorni alla partenza dei nostri amici per il Mali. L\u2019adrenalina sta crescendo al solo pensiero di immergersi totalmente nelle dinamiche di quel luogo dove il nostro amico Davide ha lasciato il cuore. Durante questo viaggio, l\u2019!Uk Club, avr\u00e0 la possibilit\u00e0 di visionare il nuovo progetto che si \u00e8 assunto in collaborazione con Unaltromondo OdV: la costruzione del &hellip; <\/p>\n","protected":false},"author":8,"featured_media":0,"parent":0,"menu_order":0,"comment_status":"closed","ping_status":"closed","template":"","meta":{"footnotes":""},"class_list":["post-2366","page","type-page","status-publish","hentry"],"_links":{"self":[{"href":"http:\/\/www.ukclub.it\/index.php\/wp-json\/wp\/v2\/pages\/2366","targetHints":{"allow":["GET"]}}],"collection":[{"href":"http:\/\/www.ukclub.it\/index.php\/wp-json\/wp\/v2\/pages"}],"about":[{"href":"http:\/\/www.ukclub.it\/index.php\/wp-json\/wp\/v2\/types\/page"}],"author":[{"embeddable":true,"href":"http:\/\/www.ukclub.it\/index.php\/wp-json\/wp\/v2\/users\/8"}],"replies":[{"embeddable":true,"href":"http:\/\/www.ukclub.it\/index.php\/wp-json\/wp\/v2\/comments?post=2366"}],"version-history":[{"count":2,"href":"http:\/\/www.ukclub.it\/index.php\/wp-json\/wp\/v2\/pages\/2366\/revisions"}],"predecessor-version":[{"id":2911,"href":"http:\/\/www.ukclub.it\/index.php\/wp-json\/wp\/v2\/pages\/2366\/revisions\/2911"}],"wp:attachment":[{"href":"http:\/\/www.ukclub.it\/index.php\/wp-json\/wp\/v2\/media?parent=2366"}],"curies":[{"name":"wp","href":"https:\/\/api.w.org\/{rel}","templated":true}]}}