{"id":124,"date":"2012-01-02T11:43:49","date_gmt":"2012-01-02T11:43:49","guid":{"rendered":"http:\/\/www.ukclub.it\/WP\/?page_id=124"},"modified":"2013-01-21T21:31:06","modified_gmt":"2013-01-21T21:31:06","slug":"thanks-to","status":"publish","type":"page","link":"http:\/\/www.ukclub.it\/index.php\/thanks-to\/","title":{"rendered":"Thanks to"},"content":{"rendered":"<p><img loading=\"lazy\" decoding=\"async\" class=\"wp-image-78 alignleft\" style=\"margin-right: 10px; margin-top: 0px; margin-bottom: 0px;\" title=\"DSCN1812 (Copia)\" src=\"http:\/\/www.ukclub.it\/wp-content\/uploads\/2011\/12\/DSCN1812-Copia.jpg\" alt=\"\" width=\"250\" height=\"191\" srcset=\"http:\/\/www.ukclub.it\/wp-content\/uploads\/2011\/12\/DSCN1812-Copia.jpg 500w, http:\/\/www.ukclub.it\/wp-content\/uploads\/2011\/12\/DSCN1812-Copia-300x229.jpg 300w\" sizes=\"auto, (max-width: 250px) 100vw, 250px\" \/>!Per noi fare parte dell&#8217;!U.K. Club non \u00e8 un merito ma una necessit\u00e0. Ma nonostante il nostro grande impegno non saremmo mai riusciti a trasformare un&#8217;idea in una realt\u00e0 senza l&#8217;aiuto di &#8220;amici&#8221; che hanno sposato la nostra causa, spesso dando il loro prezioso contribuito in forma totalmente disinteressata&#8230;<br \/>\nTra momenti di confronto, profonda riflessione e autocritica si sono ritagliati il loro spazio veri e pazienti professionisti, infondendoci il coraggio di continuare a credere che la direzione intrapresa fosse la pi\u00f9 corretta&#8230;<br \/>\nGrazie a: Federica (per i disegni), Ornella (per le correzioni), Paola (artigiana del web), la Cooperativa sociale Onlus &#8220;Il Mosaico&#8221; (per la stampa), Bax (graphic designer), Polo (per il catalogo), Arj (per il jingle), Valentina (per le foto), Mauro (per i disegni), Max (Press-Coach), Sara (per l&#8217;articolo de &#8220;Il Giorno&#8221;), Serena (per i disegni), Eleonora con l&#8217;associazione &#8220;Un altro Mondo&#8221;, Annalisa (artista pittrice), Giorgio e Stefano (video-maker), Marco e Luca (regia cortometraggio), Cespa (per la sua arte), Ergolab (per la stampa), Lory e Giulia (per la disponibilit\u00e0), il duo chitarre classiche Casatta-Plebani, Mauro (Dj Cobrito), mamma Serena e a tutte le persone che hanno semplicemente dato opinioni, criticato o sostenuto il nostro umile operato!<\/p>\n<p>&nbsp;<\/p>\n","protected":false},"excerpt":{"rendered":"<p>!Per noi fare parte dell&#8217;!U.K. Club non \u00e8 un merito ma una necessit\u00e0. Ma nonostante il nostro grande impegno non saremmo mai riusciti a trasformare un&#8217;idea in una realt\u00e0 senza l&#8217;aiuto di &#8220;amici&#8221; che hanno sposato la nostra causa, spesso dando il loro prezioso contribuito in forma totalmente disinteressata&#8230; Tra momenti di confronto, profonda riflessione e autocritica si sono ritagliati &hellip; <\/p>\n","protected":false},"author":8,"featured_media":0,"parent":0,"menu_order":0,"comment_status":"closed","ping_status":"closed","template":"onecolumn-page.php","meta":{"footnotes":""},"class_list":["post-124","page","type-page","status-publish","hentry"],"_links":{"self":[{"href":"http:\/\/www.ukclub.it\/index.php\/wp-json\/wp\/v2\/pages\/124","targetHints":{"allow":["GET"]}}],"collection":[{"href":"http:\/\/www.ukclub.it\/index.php\/wp-json\/wp\/v2\/pages"}],"about":[{"href":"http:\/\/www.ukclub.it\/index.php\/wp-json\/wp\/v2\/types\/page"}],"author":[{"embeddable":true,"href":"http:\/\/www.ukclub.it\/index.php\/wp-json\/wp\/v2\/users\/8"}],"replies":[{"embeddable":true,"href":"http:\/\/www.ukclub.it\/index.php\/wp-json\/wp\/v2\/comments?post=124"}],"version-history":[{"count":11,"href":"http:\/\/www.ukclub.it\/index.php\/wp-json\/wp\/v2\/pages\/124\/revisions"}],"predecessor-version":[{"id":706,"href":"http:\/\/www.ukclub.it\/index.php\/wp-json\/wp\/v2\/pages\/124\/revisions\/706"}],"wp:attachment":[{"href":"http:\/\/www.ukclub.it\/index.php\/wp-json\/wp\/v2\/media?parent=124"}],"curies":[{"name":"wp","href":"https:\/\/api.w.org\/{rel}","templated":true}]}}